{"id":1761,"date":"2025-10-09T12:25:36","date_gmt":"2025-10-09T10:25:36","guid":{"rendered":"https:\/\/www.camaramiranda.com\/disfrutamiranda\/?page_id=1761"},"modified":"2025-10-09T13:43:48","modified_gmt":"2025-10-09T11:43:48","slug":"politica-de-cookies","status":"publish","type":"page","link":"https:\/\/www.camaramiranda.com\/disfrutamiranda\/politica-de-cookies\/","title":{"rendered":"Pol\u00edtica de cookies"},"content":{"rendered":"\r\n<h2 class=\"wp-block-heading\">Pol\u00edtica de Cookies<\/h2>\r\n<div class=\"cli_pg_page_contaner\">\r\n<p class=\"CookieDeclarationDialogText\">Esta p\u00e1gina web usa cookies. Usamos cookies en este sitio para mejorar tu experiencia de usuario Al hacer clic en el bot\u00f3n \u00abPermitir todas las cookies\u00bb, tu aceptas que guardemos cookies.<\/p>\r\n<p class=\"CookieDeclarationIntro\">Las cookies son peque\u00f1os archivos de texto que las p\u00e1ginas web pueden utilizar para hacer m\u00e1s eficiente la experiencia del usuario.<\/p>\r\n<p>La ley afirma que podemos almacenar cookies en su dispositivo si son estrictamente necesarias para el funcionamiento de esta p\u00e1gina. Para todos los dem\u00e1s tipos de cookies necesitamos su permiso.<\/p>\r\n<p>Esta p\u00e1gina utiliza tipos diferentes de cookies. Algunas cookies son colocadas por servicios de terceros que aparecen en nuestras p\u00e1ginas.<\/p>\r\n<p>En cualquier momento puede cambiar o retirar su consentimiento desde la Declaraci\u00f3n de cookies en nuestro sitio web.<\/p>\r\n<p>Obtenga m\u00e1s informaci\u00f3n sobre qui\u00e9nes somos, c\u00f3mo puede contactarnos y c\u00f3mo procesamos los datos personales en nuestra Pol\u00edtica de privacidad.<\/p>\r\n<p>Al contactarnos respecto a su consentimiento, por favor, indique el ID y la fecha de su consentimiento.<\/p>\r\n<p>Su consentimiento se aplica a los siguientes dominios: www.camaramiranda.com<\/p>\r\n<div class=\"CookieDeclarationType\" dir=\"ltr\" lang=\"es\">\r\n<p class=\"CookieDeclarationTypeHeader\"><strong>Necesario<\/strong>\u00a0<\/p>\r\n<p class=\"CookieDeclarationTypeDescription\">Las cookies necesarias ayudan a hacer una p\u00e1gina web utilizable activando funciones b\u00e1sicas como la navegaci\u00f3n en la p\u00e1gina y el acceso a \u00e1reas seguras de la p\u00e1gina web. La p\u00e1gina web no puede funcionar adecuadamente sin estas cookies.<\/p>\r\n<\/div>\r\n<table>\r\n<thead>\r\n<tr>\r\n<th><strong>Nombre<\/strong><\/th>\r\n<th><strong>Proveedor<\/strong><\/th>\r\n<th><strong>Prop\u00f3sito<\/strong><\/th>\r\n<th><strong>Duraci\u00f3n<\/strong><\/th>\r\n<\/tr>\r\n<\/thead>\r\n<tbody>\r\n<tr>\r\n<td><code>_GRECAPTCHA<\/code><\/td>\r\n<td>Google (reCAPTCHA)<\/td>\r\n<td>Distingue entre humanos y bots para proteger el sitio de spam.<\/td>\r\n<td>Sesi\u00f3n<\/td>\r\n<\/tr>\r\n<tr>\r\n<td><code>__wpdm_client<\/code><\/td>\r\n<td>Propia (WordPress)<\/td>\r\n<td>Gestiona sesiones y descargas protegidas.<\/td>\r\n<td>Sesi\u00f3n<\/td>\r\n<\/tr>\r\n<tr>\r\n<td><code>cookielawinfo-checkbox-necessary<\/code><\/td>\r\n<td>CookieYes \/ Propia<\/td>\r\n<td>Almacena el consentimiento del usuario para cookies necesarias.<\/td>\r\n<td>1 a\u00f1o<\/td>\r\n<\/tr>\r\n<tr>\r\n<td><code>cookielawinfo-checkbox-non-necessary<\/code><\/td>\r\n<td>CookieYes \/ Propia<\/td>\r\n<td>Almacena el consentimiento del usuario para cookies no necesarias.<\/td>\r\n<td>1 a\u00f1o<\/td>\r\n<\/tr>\r\n<tr>\r\n<td><code>cookieyes-consent<\/code><\/td>\r\n<td>CookieYes \/ Propia<\/td>\r\n<td>Registra el estado de consentimiento de cookies del usuario.<\/td>\r\n<td>1 a\u00f1o<\/td>\r\n<\/tr>\r\n<\/tbody>\r\n<\/table>\r\n<div class=\"CookieDeclarationType\" dir=\"ltr\" lang=\"es\"><strong>Estad\u00edstica<\/strong>\u00a0<\/div>\r\n<div class=\"CookieDeclarationType\" dir=\"ltr\" lang=\"es\">\r\n<p class=\"CookieDeclarationTypeDescription\">Las cookies estad\u00edsticas ayudan a los propietarios de p\u00e1ginas web a comprender c\u00f3mo interact\u00faan los visitantes con las p\u00e1ginas web reuniendo y proporcionando informaci\u00f3n de forma an\u00f3nima.<\/p>\r\n<div class=\"_tableContainer_1rjym_1\">\r\n<div class=\"group _tableWrapper_1rjym_13 flex w-fit flex-col-reverse\" tabindex=\"-1\">\r\n<table class=\"w-fit min-w-(--thread-content-width)\" data-start=\"1398\" data-end=\"1991\">\r\n<thead data-start=\"1398\" data-end=\"1545\">\r\n<tr data-start=\"1398\" data-end=\"1545\">\r\n<th data-start=\"1398\" data-end=\"1423\" data-col-size=\"sm\"><strong data-start=\"1400\" data-end=\"1410\">Nombre<\/strong><\/th>\r\n<th data-start=\"1423\" data-end=\"1448\" data-col-size=\"sm\"><strong data-start=\"1425\" data-end=\"1438\">Proveedor<\/strong><\/th>\r\n<th data-start=\"1448\" data-end=\"1529\" data-col-size=\"md\"><strong data-start=\"1450\" data-end=\"1463\">Prop\u00f3sito<\/strong><\/th>\r\n<th data-start=\"1529\" data-end=\"1545\" data-col-size=\"sm\"><strong data-start=\"1531\" data-end=\"1543\">Duraci\u00f3n<\/strong><\/th>\r\n<\/tr>\r\n<\/thead>\r\n<tbody data-start=\"1695\" data-end=\"1991\">\r\n<tr data-start=\"1695\" data-end=\"1842\">\r\n<td data-start=\"1695\" data-end=\"1720\" data-col-size=\"sm\"><code data-start=\"1697\" data-end=\"1713\">_ga_XZVSGBNXVN<\/code><\/td>\r\n<td data-col-size=\"sm\" data-start=\"1720\" data-end=\"1745\">Google Analytics<\/td>\r\n<td data-col-size=\"md\" data-start=\"1745\" data-end=\"1826\">Distingue usuarios \u00fanicos para generar estad\u00edsticas del sitio.<\/td>\r\n<td data-col-size=\"sm\" data-start=\"1826\" data-end=\"1842\">2 a\u00f1os<\/td>\r\n<\/tr>\r\n<tr data-start=\"1843\" data-end=\"1991\">\r\n<td data-start=\"1843\" data-end=\"1868\" data-col-size=\"sm\"><code data-start=\"1845\" data-end=\"1856\">ssupp.vid<\/code><\/td>\r\n<td data-col-size=\"sm\" data-start=\"1868\" data-end=\"1894\">Smartsupp (chat en vivo)<\/td>\r\n<td data-col-size=\"md\" data-start=\"1894\" data-end=\"1975\">Identifica visitantes en el chat para continuidad de conversaci\u00f3n.<\/td>\r\n<td data-col-size=\"sm\" data-start=\"1975\" data-end=\"1991\">6 meses<\/td>\r\n<\/tr>\r\n<\/tbody>\r\n<\/table>\r\n<\/div>\r\n<\/div>\r\n<p class=\"CookieDeclarationTypeDescription\"><strong>Marketing<\/strong>\u00a0<\/p>\r\n<\/div>\r\n<div class=\"CookieDeclarationType\" dir=\"ltr\" lang=\"es\">\r\n<p class=\"CookieDeclarationTypeDescription\">Las cookies de marketing se utilizan para rastrear a los visitantes en las p\u00e1ginas web. La intenci\u00f3n es mostrar anuncios relevantes y atractivos para el usuario individual, y por lo tanto, m\u00e1s valiosos para los editores y terceros anunciantes.<\/p>\r\n<table class=\"w-fit min-w-(--thread-content-width)\" data-start=\"2046\" data-end=\"2588\">\r\n<thead data-start=\"2046\" data-end=\"2181\">\r\n<tr data-start=\"2046\" data-end=\"2181\">\r\n<th data-start=\"2046\" data-end=\"2061\" data-col-size=\"sm\"><strong data-start=\"2048\" data-end=\"2058\">Nombre<\/strong><\/th>\r\n<th data-start=\"2061\" data-end=\"2085\" data-col-size=\"sm\"><strong data-start=\"2063\" data-end=\"2076\">Proveedor<\/strong><\/th>\r\n<th data-start=\"2085\" data-end=\"2165\" data-col-size=\"md\"><strong data-start=\"2087\" data-end=\"2100\">Prop\u00f3sito<\/strong><\/th>\r\n<th data-start=\"2165\" data-end=\"2181\" data-col-size=\"sm\"><strong data-start=\"2167\" data-end=\"2179\">Duraci\u00f3n<\/strong><\/th>\r\n<\/tr>\r\n<\/thead>\r\n<tbody data-start=\"2318\" data-end=\"2588\">\r\n<tr data-start=\"2318\" data-end=\"2452\">\r\n<td data-start=\"2318\" data-end=\"2333\" data-col-size=\"sm\"><code data-start=\"2320\" data-end=\"2329\">_gcl_au<\/code><\/td>\r\n<td data-col-size=\"sm\" data-start=\"2333\" data-end=\"2356\">Google AdSense<\/td>\r\n<td data-col-size=\"md\" data-start=\"2356\" data-end=\"2436\">Mide la efectividad de los anuncios publicitarios.<\/td>\r\n<td data-col-size=\"sm\" data-start=\"2436\" data-end=\"2452\">3 meses<\/td>\r\n<\/tr>\r\n<tr data-start=\"2453\" data-end=\"2588\">\r\n<td data-start=\"2453\" data-end=\"2468\" data-col-size=\"sm\"><code data-start=\"2455\" data-end=\"2460\">NID<\/code><\/td>\r\n<td data-col-size=\"sm\" data-start=\"2468\" data-end=\"2491\">Google<\/td>\r\n<td data-col-size=\"md\" data-start=\"2491\" data-end=\"2575\">Almacena preferencias del usuario y personaliza los anuncios en servicios Google.<\/td>\r\n<td data-col-size=\"sm\" data-start=\"2575\" data-end=\"2588\">6 meses<\/td>\r\n<\/tr>\r\n<\/tbody>\r\n<\/table>\r\n<\/div>\r\n<\/div>\r\n<h3>C\u00f3mo configurar mis preferencias<\/h3>\r\n<p>Pueden bloquearse o deshabilitarse con las herramientas de configuraci\u00f3n de su navegador. El navegador le permite rechazar la instalaci\u00f3n de todas las cookies, o bien elegir rechazar solo alguna de ellas. Le indicamos a continuaci\u00f3n los enlaces a las herramientas de los principales navegadores, en las que poder informarse sobre c\u00f3mo deshabilitar las cookies:<\/p>\r\n<p>*\u00a0<a href=\"https:\/\/support.google.com\/chrome\/answer\/95647?hl=es\">Google Chrome<\/a><\/p>\r\n<p>*\u00a0<a href=\"https:\/\/support.mozilla.org\/t5\/Cookies-y-cach%C3%A9\/Cookies-informaci%C3%B3n-que-los-sitios-web-guardan-en-tu-equipo\/ta-p\/15851?redirectlocale=en-US&amp;redirectslug=Cookies\">Mozilla Firefox<\/a><\/p>\r\n<p>*\u00a0<a href=\"https:\/\/support.microsoft.com\/es-es\/help\/17442\/windows-internet-explorer-delete-manage-cookies\">Internet Explorer<\/a><\/p>\r\n<p>Finalmente, puede usted dirigirse al portal\u00a0<a href=\"http:\/\/www.youronlinechoices.com\/es\/\">Your Online Choices<\/a><br \/>d\u00f3nde adem\u00e1s de encontrar informaci\u00f3n \u00fatil, podr\u00e1 configurar, proveedor por proveedor, sus preferencias sobre las cookies publicitarias de terceros.<\/p>\r\n","protected":false},"excerpt":{"rendered":"<p>Pol\u00edtica de Cookies Esta p\u00e1gina web usa cookies. Usamos cookies en este sitio para mejorar tu experiencia de usuario Al hacer clic en el bot\u00f3n \u00abPermitir todas las cookies\u00bb, tu aceptas que guardemos cookies. Las cookies son peque\u00f1os archivos de texto que las p\u00e1ginas web pueden utilizar para hacer m\u00e1s eficiente la experiencia del usuario. La ley afirma que podemos almacenar cookies en su dispositivo si son estrictamente necesarias para el funcionamiento de esta p\u00e1gina. Para todos los dem\u00e1s tipos de cookies necesitamos su permiso. Esta p\u00e1gina utiliza tipos diferentes de cookies. Algunas cookies son colocadas por servicios de terceros que aparecen en nuestras p\u00e1ginas. En cualquier momento puede cambiar o retirar su consentimiento desde la Declaraci\u00f3n de cookies en nuestro sitio web. Obtenga m\u00e1s informaci\u00f3n sobre qui\u00e9nes somos, c\u00f3mo puede contactarnos y c\u00f3mo procesamos los datos personales en nuestra Pol\u00edtica de privacidad. Al contactarnos respecto a su consentimiento, por favor, indique el ID y la fecha de su consentimiento. Su consentimiento se aplica a los siguientes dominios: www.camaramiranda.com Necesario\u00a0 Las cookies necesarias ayudan a hacer una p\u00e1gina web utilizable activando funciones b\u00e1sicas como la navegaci\u00f3n en la p\u00e1gina y el acceso a \u00e1reas seguras de la p\u00e1gina web. La p\u00e1gina web no puede funcionar adecuadamente sin estas cookies. Nombre Proveedor Prop\u00f3sito Duraci\u00f3n _GRECAPTCHA Google (reCAPTCHA) Distingue entre humanos y bots para proteger el sitio de spam. Sesi\u00f3n __wpdm_client Propia (WordPress) Gestiona sesiones y descargas protegidas. Sesi\u00f3n cookielawinfo-checkbox-necessary CookieYes \/ Propia Almacena el consentimiento del usuario para cookies necesarias. 1 a\u00f1o cookielawinfo-checkbox-non-necessary CookieYes \/ Propia Almacena el consentimiento del usuario para cookies no necesarias. 1 a\u00f1o cookieyes-consent CookieYes \/ Propia Registra el estado de consentimiento de cookies del usuario. 1 a\u00f1o Estad\u00edstica\u00a0 Las cookies estad\u00edsticas ayudan a los propietarios de p\u00e1ginas web a comprender c\u00f3mo interact\u00faan los visitantes con las p\u00e1ginas web reuniendo y proporcionando informaci\u00f3n de forma an\u00f3nima. Nombre Proveedor Prop\u00f3sito Duraci\u00f3n _ga_XZVSGBNXVN Google Analytics Distingue usuarios \u00fanicos para generar estad\u00edsticas del sitio. 2 a\u00f1os ssupp.vid Smartsupp (chat en vivo) Identifica visitantes en el chat para continuidad de conversaci\u00f3n. 6 meses Marketing\u00a0 Las cookies de marketing se utilizan para rastrear a los visitantes en las p\u00e1ginas web. La intenci\u00f3n es mostrar anuncios relevantes y atractivos para el usuario individual, y por lo tanto, m\u00e1s valiosos para los editores y terceros anunciantes. Nombre Proveedor Prop\u00f3sito Duraci\u00f3n _gcl_au Google AdSense Mide la efectividad de los anuncios publicitarios. 3 meses NID Google Almacena preferencias del usuario y personaliza los anuncios en servicios Google. 6 meses C\u00f3mo configurar mis preferencias Pueden bloquearse o deshabilitarse con las herramientas de configuraci\u00f3n de su navegador. El navegador le permite rechazar la instalaci\u00f3n de todas las cookies, o bien elegir rechazar solo alguna de ellas. Le indicamos a continuaci\u00f3n los enlaces a las herramientas de los principales navegadores, en las que poder informarse sobre c\u00f3mo deshabilitar las cookies: *\u00a0Google Chrome *\u00a0Mozilla Firefox *\u00a0Internet Explorer Finalmente, puede usted dirigirse al portal\u00a0Your Online Choicesd\u00f3nde adem\u00e1s de encontrar informaci\u00f3n \u00fatil, podr\u00e1 configurar, proveedor por proveedor, sus preferencias sobre las cookies publicitarias de terceros.<\/p>\n","protected":false},"author":1,"featured_media":0,"parent":0,"menu_order":0,"comment_status":"closed","ping_status":"open","template":"elementor_theme","meta":{"footnotes":""},"class_list":["post-1761","page","type-page","status-publish","hentry"],"_links":{"self":[{"href":"https:\/\/www.camaramiranda.com\/disfrutamiranda\/wp-json\/wp\/v2\/pages\/1761","targetHints":{"allow":["GET"]}}],"collection":[{"href":"https:\/\/www.camaramiranda.com\/disfrutamiranda\/wp-json\/wp\/v2\/pages"}],"about":[{"href":"https:\/\/www.camaramiranda.com\/disfrutamiranda\/wp-json\/wp\/v2\/types\/page"}],"author":[{"embeddable":true,"href":"https:\/\/www.camaramiranda.com\/disfrutamiranda\/wp-json\/wp\/v2\/users\/1"}],"replies":[{"embeddable":true,"href":"https:\/\/www.camaramiranda.com\/disfrutamiranda\/wp-json\/wp\/v2\/comments?post=1761"}],"version-history":[{"count":13,"href":"https:\/\/www.camaramiranda.com\/disfrutamiranda\/wp-json\/wp\/v2\/pages\/1761\/revisions"}],"predecessor-version":[{"id":1784,"href":"https:\/\/www.camaramiranda.com\/disfrutamiranda\/wp-json\/wp\/v2\/pages\/1761\/revisions\/1784"}],"wp:attachment":[{"href":"https:\/\/www.camaramiranda.com\/disfrutamiranda\/wp-json\/wp\/v2\/media?parent=1761"}],"curies":[{"name":"wp","href":"https:\/\/api.w.org\/{rel}","templated":true}]}}